{"id":1926,"date":"2020-08-03T12:08:46","date_gmt":"2020-08-03T12:08:46","guid":{"rendered":"https:\/\/glowherbalgenic.com\/?page_id=1926"},"modified":"2020-08-10T12:14:50","modified_gmt":"2020-08-10T12:14:50","slug":"sobre-nosotros","status":"publish","type":"page","link":"https:\/\/glowherbalgenic.com\/?page_id=1926&lang=es","title":{"rendered":"Sobre nosotros"},"content":{"rendered":"[vc_row el_class=&#8221;about-introduce&#8221;][vc_column][vc_single_image image=&#8221;1878&#8243; img_size=&#8221;full&#8221; alignment=&#8221;center&#8221;][vc_column_text]\n<p style=\"text-align: left;\"><strong>L\u00ednea de Productos GLOW<\/strong><\/p>\n<p style=\"text-align: left;\">GLOW combina suaves extractos herbales naturales, tecnolog\u00eda innovadora, y a\u00f1os de experiencia cl\u00ednica para crear una amplia gama de excepcionalmente eficaces productos para el cuidado de la piel. Libre de metales y alcohol, productos GLOW son especialmente formulados para lograr excelentes resultados para todas las edades, tipos de piel y necesidades.<\/p>\n<p style=\"text-align: left;\"><strong>Caracter\u00edsticas del Producto<\/strong><\/p>\n<p style=\"text-align: left;\">Productos de protecci\u00f3n de la piel GLOW contienen esencias herbales chinas que act\u00faan como una<\/p>\n<p style=\"text-align: left;\">capa protectora para cuidar y proteger su piel contra radicales transmitidas por el aire para un cutis radiante y flexible.<\/p>\n[\/vc_column_text][\/vc_column][\/vc_row]\n","protected":false},"excerpt":{"rendered":"<p>[vc_row el_class=&#8221;about-introduce&#8221;][vc_column][vc_single_image image=&#8221;1878&#8243; img_size=&#8221;full&#8221; alignment=&#8221;center&#8221;][vc_column_text] L\u00ednea de Productos GLOW GLOW combina suaves extractos herbales naturales, tecnolog\u00eda innovadora, y a\u00f1os de experiencia cl\u00ednica para crear una amplia gama de excepcionalmente eficaces productos para el cuidado de la piel. Libre de metales<\/p>\n","protected":false},"author":1,"featured_media":0,"parent":0,"menu_order":0,"comment_status":"closed","ping_status":"closed","template":"page-templates\/about-page.php","meta":{"spay_email":"","footnotes":""},"class_list":["post-1926","page","type-page","status-publish","hentry"],"_links":{"self":[{"href":"https:\/\/glowherbalgenic.com\/index.php?rest_route=\/wp\/v2\/pages\/1926","targetHints":{"allow":["GET"]}}],"collection":[{"href":"https:\/\/glowherbalgenic.com\/index.php?rest_route=\/wp\/v2\/pages"}],"about":[{"href":"https:\/\/glowherbalgenic.com\/index.php?rest_route=\/wp\/v2\/types\/page"}],"author":[{"embeddable":true,"href":"https:\/\/glowherbalgenic.com\/index.php?rest_route=\/wp\/v2\/users\/1"}],"replies":[{"embeddable":true,"href":"https:\/\/glowherbalgenic.com\/index.php?rest_route=%2Fwp%2Fv2%2Fcomments&post=1926"}],"version-history":[{"count":5,"href":"https:\/\/glowherbalgenic.com\/index.php?rest_route=\/wp\/v2\/pages\/1926\/revisions"}],"predecessor-version":[{"id":2147,"href":"https:\/\/glowherbalgenic.com\/index.php?rest_route=\/wp\/v2\/pages\/1926\/revisions\/2147"}],"wp:attachment":[{"href":"https:\/\/glowherbalgenic.com\/index.php?rest_route=%2Fwp%2Fv2%2Fmedia&parent=1926"}],"curies":[{"name":"wp","href":"https:\/\/api.w.org\/{rel}","templated":true}]}}