{"id":2082,"date":"2020-08-10T07:15:50","date_gmt":"2020-08-10T07:15:50","guid":{"rendered":"https:\/\/glowherbalgenic.com\/?post_type=product&#038;p=2082"},"modified":"2020-08-10T07:15:50","modified_gmt":"2020-08-10T07:15:50","slug":"base-blanqueadora","status":"publish","type":"product","link":"https:\/\/glowherbalgenic.com\/?product=base-blanqueadora&lang=es","title":{"rendered":"Base Blanqueadora"},"content":{"rendered":"<p>Base Blanqueadora penetra r\u00e1pidamente a las capas profundas de la piel donde los extractos herbales curan, limpian y gu\u00edan las esencias blanqueadoras para aclarar las \u00e1reas subcut\u00e1neas descoloridas.<\/p>\n<p>Ingredientes principales:<\/p>\n<p>Glycyrrhizae Uralensis, Ra\u00edz: Aclara y repara la piel<\/p>\n<p>Angelicae Dahuricae, Ra\u00edz: Elimina decoloraciones y manchas. Ayuda a reducir da\u00f1os causado por exposici\u00f3n a los rayos UV.<\/p>\n","protected":false},"excerpt":{"rendered":"<p>Base Blanqueadora penetra r\u00e1pidamente a las capas profundas de la piel donde los extractos herbales curan, limpian y gu\u00edan las esencias blanqueadoras para aclarar las \u00e1reas subcut\u00e1neas descoloridas. Ingredientes principales: Glycyrrhizae Uralensis, Ra\u00edz: Aclara y repara la piel Angelicae Dahuricae,<\/p>\n","protected":false},"featured_media":1839,"comment_status":"open","ping_status":"closed","template":"","meta":{"spay_email":""},"class_list":{"0":"post-2082","1":"product","2":"type-product","3":"status-publish","4":"has-post-thumbnail","6":"product_cat-luz-blanca","7":"product_cat-piel","9":"first","10":"instock","11":"taxable","12":"shipping-taxable","13":"purchasable","14":"product-type-simple"},"_links":{"self":[{"href":"https:\/\/glowherbalgenic.com\/index.php?rest_route=\/wp\/v2\/product\/2082","targetHints":{"allow":["GET"]}}],"collection":[{"href":"https:\/\/glowherbalgenic.com\/index.php?rest_route=\/wp\/v2\/product"}],"about":[{"href":"https:\/\/glowherbalgenic.com\/index.php?rest_route=\/wp\/v2\/types\/product"}],"replies":[{"embeddable":true,"href":"https:\/\/glowherbalgenic.com\/index.php?rest_route=%2Fwp%2Fv2%2Fcomments&post=2082"}],"wp:featuredmedia":[{"embeddable":true,"href":"https:\/\/glowherbalgenic.com\/index.php?rest_route=\/wp\/v2\/media\/1839"}],"wp:attachment":[{"href":"https:\/\/glowherbalgenic.com\/index.php?rest_route=%2Fwp%2Fv2%2Fmedia&parent=2082"}],"curies":[{"name":"wp","href":"https:\/\/api.w.org\/{rel}","templated":true}]}}