{"id":2086,"date":"2020-08-10T07:37:01","date_gmt":"2020-08-10T07:37:01","guid":{"rendered":"https:\/\/glowherbalgenic.com\/?post_type=product&#038;p=2086"},"modified":"2021-12-25T16:38:33","modified_gmt":"2021-12-26T00:38:33","slug":"alivio-de-columna","status":"publish","type":"product","link":"https:\/\/glowherbalgenic.com\/?product=alivio-de-columna&lang=es","title":{"rendered":"Alivio de Columna"},"content":{"rendered":"<p>POLVO GRANULADO DE HIERBAS 100% NATURALES PARA EL ALIVIO DEL DOLOR DE ESPALDA<\/p>\n<p>Una potente f\u00f3rmula herbal natural que alivia el dolor de espalda, mejora la flexibilidad de la cintura, aumenta la circulaci\u00f3n sangu\u00ednea y equilibra el Yin y el Yang en el cuerpo.<\/p>\n<p>Fabricado en los Estados Unidos, Alivio de Columna es un suplemento en polvo 100% natural libre de az\u00facar hecho de una f\u00f3rmula herbal concentrada antigua de origen chino. Este producto ha demostrado ser altamente efectivo para aumentar la circulaci\u00f3n sangu\u00ednea, fortalecer las funciones del h\u00edgado y los ri\u00f1ones, aliviar el dolor lumbar y mejorar el sistema inmunol\u00f3gico del cuerpo. Es un potente analg\u00e9sico para dolores agudos o cr\u00f3nicos de la espalda baja causados \u200b\u200bpor lesiones musculares o desalineaci\u00f3n de v\u00e9rtebras.<\/p>\n","protected":false},"excerpt":{"rendered":"<p>POLVO GRANULADO DE HIERBAS 100% NATURALES PARA EL ALIVIO DEL DOLOR DE ESPALDA Una potente f\u00f3rmula herbal natural que alivia el dolor de espalda, mejora la flexibilidad de la cintura, aumenta la circulaci\u00f3n sangu\u00ednea y equilibra el Yin y el<\/p>\n","protected":false},"featured_media":1837,"comment_status":"open","ping_status":"closed","template":"","meta":{"spay_email":""},"class_list":{"0":"post-2086","1":"product","2":"type-product","3":"status-publish","4":"has-post-thumbnail","6":"product_cat-productos-sanitarios","7":"product_cat-suplementos-de-vitaminas-naturales","9":"first","10":"instock","11":"taxable","12":"shipping-taxable","13":"purchasable","14":"product-type-simple"},"_links":{"self":[{"href":"https:\/\/glowherbalgenic.com\/index.php?rest_route=\/wp\/v2\/product\/2086","targetHints":{"allow":["GET"]}}],"collection":[{"href":"https:\/\/glowherbalgenic.com\/index.php?rest_route=\/wp\/v2\/product"}],"about":[{"href":"https:\/\/glowherbalgenic.com\/index.php?rest_route=\/wp\/v2\/types\/product"}],"replies":[{"embeddable":true,"href":"https:\/\/glowherbalgenic.com\/index.php?rest_route=%2Fwp%2Fv2%2Fcomments&post=2086"}],"wp:featuredmedia":[{"embeddable":true,"href":"https:\/\/glowherbalgenic.com\/index.php?rest_route=\/wp\/v2\/media\/1837"}],"wp:attachment":[{"href":"https:\/\/glowherbalgenic.com\/index.php?rest_route=%2Fwp%2Fv2%2Fmedia&parent=2086"}],"curies":[{"name":"wp","href":"https:\/\/api.w.org\/{rel}","templated":true}]}}