{"id":2096,"date":"2020-08-10T07:51:22","date_gmt":"2020-08-10T07:51:22","guid":{"rendered":"https:\/\/glowherbalgenic.com\/?post_type=product&#038;p=2096"},"modified":"2020-08-24T07:29:43","modified_gmt":"2020-08-24T07:29:43","slug":"azucar-de-hierbas","status":"publish","type":"product","link":"https:\/\/glowherbalgenic.com\/?product=azucar-de-hierbas&lang=es","title":{"rendered":"Az\u00facar de hierbas"},"content":{"rendered":"<p>Caramelo de Hierbas de Voz Dorada: alivia el malestar de garganta y lengua, tambi\u00e9n alivia las molestias de una garganta y la faringitis cr\u00f3nica. En algunas \u00e1reas con aire contaminado, el Caramelo de Hierbas de Voz Dorada puede proteger la garganta y mantener la garganta h\u00fameda.<\/p>\n","protected":false},"excerpt":{"rendered":"<p>Caramelo de Hierbas de Voz Dorada: alivia el malestar de garganta y lengua, tambi\u00e9n alivia las molestias de una garganta y la faringitis cr\u00f3nica. En algunas \u00e1reas con aire contaminado, el Caramelo de Hierbas de Voz Dorada puede proteger la<\/p>\n","protected":false},"featured_media":1831,"comment_status":"open","ping_status":"closed","template":"","meta":{"spay_email":""},"class_list":{"0":"post-2096","1":"product","2":"type-product","3":"status-publish","4":"has-post-thumbnail","6":"product_cat-lubricante-de-garganta","7":"product_cat-productos-sanitarios","9":"first","10":"instock","11":"taxable","12":"shipping-taxable","13":"purchasable","14":"product-type-simple"},"_links":{"self":[{"href":"https:\/\/glowherbalgenic.com\/index.php?rest_route=\/wp\/v2\/product\/2096","targetHints":{"allow":["GET"]}}],"collection":[{"href":"https:\/\/glowherbalgenic.com\/index.php?rest_route=\/wp\/v2\/product"}],"about":[{"href":"https:\/\/glowherbalgenic.com\/index.php?rest_route=\/wp\/v2\/types\/product"}],"replies":[{"embeddable":true,"href":"https:\/\/glowherbalgenic.com\/index.php?rest_route=%2Fwp%2Fv2%2Fcomments&post=2096"}],"wp:featuredmedia":[{"embeddable":true,"href":"https:\/\/glowherbalgenic.com\/index.php?rest_route=\/wp\/v2\/media\/1831"}],"wp:attachment":[{"href":"https:\/\/glowherbalgenic.com\/index.php?rest_route=%2Fwp%2Fv2%2Fmedia&parent=2096"}],"curies":[{"name":"wp","href":"https:\/\/api.w.org\/{rel}","templated":true}]}}