{"id":2100,"date":"2020-08-10T08:01:44","date_gmt":"2020-08-10T08:01:44","guid":{"rendered":"https:\/\/glowherbalgenic.com\/?post_type=product&#038;p=2100"},"modified":"2020-08-10T08:01:44","modified_gmt":"2020-08-10T08:01:44","slug":"blanco-claro-dia-y-noche","status":"publish","type":"product","link":"https:\/\/glowherbalgenic.com\/?product=blanco-claro-dia-y-noche&lang=es","title":{"rendered":"Blanco Claro \u2013 D\u00eda y Noche"},"content":{"rendered":"<p>Blanco Claro \u2013 D\u00eda y Noche previene el da\u00f1o UV y es sumamente efectiva para reducir manchas amarillas, manchas oscuras, y cicatrices de acn\u00e9. Aumentando la transparencia de la piel, el nivel de brillo y humedad para lograr un cutis saludable, brillante y cristalina.<\/p>\n<p>Ingredientes principales:<\/p>\n<p>Polygonati Odorata, Rizoma: Elimina manchas negras, hidrata, y tiene efectos anti-envejecimiento.<\/p>\n<p>Angelicae Sinensis, Ra\u00edz: Ayuda a reducir los efectos da\u00f1inos de la luz UV.<\/p>\n<p>Angelicae Dahuricae, Ra\u00edz: Mejora la funci\u00f3n de las c\u00e9lulas inmunes y del tejido d\u00e9rmico de la piel. Mejora la\u00a0circulaci\u00f3n sangu\u00ednea, elimina varias decoloraciones y manchas.<\/p>\n","protected":false},"excerpt":{"rendered":"<p>Blanco Claro \u2013 D\u00eda y Noche previene el da\u00f1o UV y es sumamente efectiva para reducir manchas amarillas, manchas oscuras, y cicatrices de acn\u00e9. Aumentando la transparencia de la piel, el nivel de brillo y humedad para lograr un cutis<\/p>\n","protected":false},"featured_media":1827,"comment_status":"open","ping_status":"closed","template":"","meta":{"spay_email":""},"class_list":{"0":"post-2100","1":"product","2":"type-product","3":"status-publish","4":"has-post-thumbnail","6":"product_cat-luz-blanca","7":"product_cat-piel","9":"first","10":"instock","11":"sale","12":"taxable","13":"shipping-taxable","14":"purchasable","15":"product-type-simple"},"_links":{"self":[{"href":"https:\/\/glowherbalgenic.com\/index.php?rest_route=\/wp\/v2\/product\/2100","targetHints":{"allow":["GET"]}}],"collection":[{"href":"https:\/\/glowherbalgenic.com\/index.php?rest_route=\/wp\/v2\/product"}],"about":[{"href":"https:\/\/glowherbalgenic.com\/index.php?rest_route=\/wp\/v2\/types\/product"}],"replies":[{"embeddable":true,"href":"https:\/\/glowherbalgenic.com\/index.php?rest_route=%2Fwp%2Fv2%2Fcomments&post=2100"}],"wp:featuredmedia":[{"embeddable":true,"href":"https:\/\/glowherbalgenic.com\/index.php?rest_route=\/wp\/v2\/media\/1827"}],"wp:attachment":[{"href":"https:\/\/glowherbalgenic.com\/index.php?rest_route=%2Fwp%2Fv2%2Fmedia&parent=2100"}],"curies":[{"name":"wp","href":"https:\/\/api.w.org\/{rel}","templated":true}]}}