{"id":2103,"date":"2020-08-10T08:06:49","date_gmt":"2020-08-10T08:06:49","guid":{"rendered":"https:\/\/glowherbalgenic.com\/?post_type=product&#038;p=2103"},"modified":"2020-08-10T08:06:50","modified_gmt":"2020-08-10T08:06:50","slug":"desvanecimiento-del-acne","status":"publish","type":"product","link":"https:\/\/glowherbalgenic.com\/?product=desvanecimiento-del-acne&lang=es","title":{"rendered":"Desvanecimiento del Acn\u00e9"},"content":{"rendered":"<p>Con extractos hidratantes altamente concentrados, este producto reduce la formaci\u00f3n del acn\u00e9, contrarresta los trastornos hormonales de la piel y repara las cicatrices nuevas y antiguas del acn\u00e9. Tambi\u00e9n desintoxica mientras hidrata, convirti\u00e9ndolo en un producto esencial para la piel con problemas de acn\u00e9.<\/p>\n<p>Ingredientes principales:<\/p>\n<p><em>Houttuyniae Cordatae, Hierba y ra\u00edz: <\/em>Antibacteriano y antiviral. Fortalece la funci\u00f3n inmune.<\/p>\n<p><em>Scutellariae Baicalensis, Ra\u00edz:<\/em> Antioxidante. Mejora la condici\u00f3n de la piel roja y piel con picaz\u00f3n.<\/p>\n<p><em>Arnebiae seu Lithospermi, Ra\u00edz: <\/em>Elimina toxinas, reduce la inflamaci\u00f3n, hidrata y disuelve el sebo y la grasa excesiva.<\/p>\n<p><em>Glycyrrhizae Uralensis, Ra\u00edz: <\/em>Blanquea y repara la piel.<\/p>\n","protected":false},"excerpt":{"rendered":"<p>Con extractos hidratantes altamente concentrados, este producto reduce la formaci\u00f3n del acn\u00e9, contrarresta los trastornos hormonales de la piel y repara las cicatrices nuevas y antiguas del acn\u00e9. Tambi\u00e9n desintoxica mientras hidrata, convirti\u00e9ndolo en un producto esencial para la piel<\/p>\n","protected":false},"featured_media":1820,"comment_status":"open","ping_status":"closed","template":"","meta":{"spay_email":""},"class_list":{"0":"post-2103","1":"product","2":"type-product","3":"status-publish","4":"has-post-thumbnail","6":"product_cat-piel-grasosa-varicela","7":"product_cat-piel","9":"first","10":"instock","11":"sale","12":"featured","13":"taxable","14":"shipping-taxable","15":"purchasable","16":"product-type-simple"},"_links":{"self":[{"href":"https:\/\/glowherbalgenic.com\/index.php?rest_route=\/wp\/v2\/product\/2103","targetHints":{"allow":["GET"]}}],"collection":[{"href":"https:\/\/glowherbalgenic.com\/index.php?rest_route=\/wp\/v2\/product"}],"about":[{"href":"https:\/\/glowherbalgenic.com\/index.php?rest_route=\/wp\/v2\/types\/product"}],"replies":[{"embeddable":true,"href":"https:\/\/glowherbalgenic.com\/index.php?rest_route=%2Fwp%2Fv2%2Fcomments&post=2103"}],"wp:featuredmedia":[{"embeddable":true,"href":"https:\/\/glowherbalgenic.com\/index.php?rest_route=\/wp\/v2\/media\/1820"}],"wp:attachment":[{"href":"https:\/\/glowherbalgenic.com\/index.php?rest_route=%2Fwp%2Fv2%2Fmedia&parent=2103"}],"curies":[{"name":"wp","href":"https:\/\/api.w.org\/{rel}","templated":true}]}}