{"id":2107,"date":"2020-08-10T08:12:05","date_gmt":"2020-08-10T08:12:05","guid":{"rendered":"https:\/\/glowherbalgenic.com\/?post_type=product&#038;p=2107"},"modified":"2022-12-31T13:09:10","modified_gmt":"2022-12-31T21:09:10","slug":"te-de-celulitis-kampo","status":"publish","type":"product","link":"https:\/\/glowherbalgenic.com\/?product=te-de-celulitis-kampo","title":{"rendered":"T\u00e9 de Celulitis Kampo"},"content":{"rendered":"<p>Refinado a partir de hierbas chinas tradicionales 100% naturales, el T\u00e9 de Celulitis Kampo promueve la p\u00e9rdida de peso y ayuda a reducir el exceso de grasa corporal tanto como la grasa acumulada en el h\u00edgado y el plasma. Es particularmente \u00fatil para aquellos que tienen niveles altos de triglic\u00e9ridos y colesterol en el cuerpo. El t\u00e9 de celulitis Kampo NO causa dolor abdominal ni estimula el movimiento intestinal. Libre de cafe\u00edna y conservantes qu\u00edmicos. Seguro para el disfrute diario.<\/p>\n","protected":false},"excerpt":{"rendered":"<p>Refinado a partir de hierbas chinas tradicionales 100% naturales, el T\u00e9 de Celulitis Kampo promueve la p\u00e9rdida de peso y ayuda a reducir el exceso de grasa corporal tanto como la grasa acumulada en el h\u00edgado y el plasma. Es<\/p>\n","protected":false},"featured_media":1832,"comment_status":"open","ping_status":"closed","template":"","meta":{"spay_email":""},"class_list":{"0":"post-2107","1":"product","2":"type-product","3":"status-publish","4":"has-post-thumbnail","6":"product_cat-productos-sanitarios","8":"first","9":"outofstock","10":"featured","11":"taxable","12":"shipping-taxable","13":"purchasable","14":"product-type-variable"},"_links":{"self":[{"href":"https:\/\/glowherbalgenic.com\/index.php?rest_route=\/wp\/v2\/product\/2107","targetHints":{"allow":["GET"]}}],"collection":[{"href":"https:\/\/glowherbalgenic.com\/index.php?rest_route=\/wp\/v2\/product"}],"about":[{"href":"https:\/\/glowherbalgenic.com\/index.php?rest_route=\/wp\/v2\/types\/product"}],"replies":[{"embeddable":true,"href":"https:\/\/glowherbalgenic.com\/index.php?rest_route=%2Fwp%2Fv2%2Fcomments&post=2107"}],"wp:featuredmedia":[{"embeddable":true,"href":"https:\/\/glowherbalgenic.com\/index.php?rest_route=\/wp\/v2\/media\/1832"}],"wp:attachment":[{"href":"https:\/\/glowherbalgenic.com\/index.php?rest_route=%2Fwp%2Fv2%2Fmedia&parent=2107"}],"curies":[{"name":"wp","href":"https:\/\/api.w.org\/{rel}","templated":true}]}}