{"id":2110,"date":"2020-08-10T08:13:22","date_gmt":"2020-08-10T08:13:22","guid":{"rendered":"https:\/\/glowherbalgenic.com\/?post_type=product&#038;p=2110"},"modified":"2021-12-25T16:35:13","modified_gmt":"2021-12-26T00:35:13","slug":"riaxin-2","status":"publish","type":"product","link":"https:\/\/glowherbalgenic.com\/?product=riaxin-2&lang=es","title":{"rendered":"Riaxin"},"content":{"rendered":"<p>Las almohadillas de uso externo para el cuidado de las articulaciones Riaxin son un analg\u00e9sico \u00fanico dise\u00f1ado espec\u00edficamente para ayudar a reducir la incomodidad asociada con los dolores causados \u200b\u200bpor el desgaste de las articulaciones y m\u00fasculos, contusiones, esguinces articulares, distensiones musculares, dolores de espalda tanto como crecimiento \u00f3seo anormal. Se aplica f\u00e1cilmente como un vendaje y no hay una crema complicada de usar o desagradable ni un olor insoportable.<\/p>\n","protected":false},"excerpt":{"rendered":"<p>Las almohadillas de uso externo para el cuidado de las articulaciones Riaxin son un analg\u00e9sico \u00fanico dise\u00f1ado espec\u00edficamente para ayudar a reducir la incomodidad asociada con los dolores causados \u200b\u200bpor el desgaste de las articulaciones y m\u00fasculos, contusiones, esguinces articulares,<\/p>\n","protected":false},"featured_media":1836,"comment_status":"open","ping_status":"closed","template":"","meta":{"spay_email":""},"class_list":{"0":"post-2110","1":"product","2":"type-product","3":"status-publish","4":"has-post-thumbnail","6":"product_cat-serie-externa","8":"first","9":"instock","10":"taxable","11":"shipping-taxable","12":"purchasable","13":"product-type-variable"},"_links":{"self":[{"href":"https:\/\/glowherbalgenic.com\/index.php?rest_route=\/wp\/v2\/product\/2110","targetHints":{"allow":["GET"]}}],"collection":[{"href":"https:\/\/glowherbalgenic.com\/index.php?rest_route=\/wp\/v2\/product"}],"about":[{"href":"https:\/\/glowherbalgenic.com\/index.php?rest_route=\/wp\/v2\/types\/product"}],"replies":[{"embeddable":true,"href":"https:\/\/glowherbalgenic.com\/index.php?rest_route=%2Fwp%2Fv2%2Fcomments&post=2110"}],"wp:featuredmedia":[{"embeddable":true,"href":"https:\/\/glowherbalgenic.com\/index.php?rest_route=\/wp\/v2\/media\/1836"}],"wp:attachment":[{"href":"https:\/\/glowherbalgenic.com\/index.php?rest_route=%2Fwp%2Fv2%2Fmedia&parent=2110"}],"curies":[{"name":"wp","href":"https:\/\/api.w.org\/{rel}","templated":true}]}}