{"id":2115,"date":"2020-08-10T08:14:45","date_gmt":"2020-08-10T08:14:45","guid":{"rendered":"https:\/\/glowherbalgenic.com\/?post_type=product&#038;p=2115"},"modified":"2020-08-10T08:14:45","modified_gmt":"2020-08-10T08:14:45","slug":"base-de-tratamiento-del-acne","status":"publish","type":"product","link":"https:\/\/glowherbalgenic.com\/?product=base-de-tratamiento-del-acne&lang=es","title":{"rendered":"Base de Tratamiento del Acn\u00e9"},"content":{"rendered":"<p>Utilizada despu\u00e9s de la limpieza, la Base de Tratamiento del Acn\u00e9 penetra r\u00e1pidamente hasta las capas m\u00e1s profundas de la piel para moderar la secreci\u00f3n de aceite y mejorar el metabolismo.<\/p>\n<p>Ingredientes principales:<\/p>\n<p><em>Menthae Haplocalycis, Hierba:<\/em> Mejora la absorci\u00f3n de la piel y es un antimicrobiano natural que calma la inflamaci\u00f3n para reducir el dolor y la picaz\u00f3n.<\/p>\n<p><em>Scutellariae Baicalensis, Ra\u00edz<\/em> : Antioxidante. Mejora la condici\u00f3n de la piel roja y piel con picaz\u00f3n.<\/p>\n<p><em>Angelicae Dahuricae, Ra\u00edz:<\/em> Acelera la disoluci\u00f3n de la grasa y controla la producci\u00f3n de sebo.<\/p>\n","protected":false},"excerpt":{"rendered":"<p>Utilizada despu\u00e9s de la limpieza, la Base de Tratamiento del Acn\u00e9 penetra r\u00e1pidamente hasta las capas m\u00e1s profundas de la piel para moderar la secreci\u00f3n de aceite y mejorar el metabolismo. Ingredientes principales: Menthae Haplocalycis, Hierba: Mejora la absorci\u00f3n de<\/p>\n","protected":false},"featured_media":1822,"comment_status":"open","ping_status":"closed","template":"","meta":{"spay_email":""},"class_list":{"0":"post-2115","1":"product","2":"type-product","3":"status-publish","4":"has-post-thumbnail","6":"product_cat-piel-grasosa-varicela","7":"product_cat-piel","9":"first","10":"instock","11":"featured","12":"taxable","13":"shipping-taxable","14":"purchasable","15":"product-type-simple"},"_links":{"self":[{"href":"https:\/\/glowherbalgenic.com\/index.php?rest_route=\/wp\/v2\/product\/2115","targetHints":{"allow":["GET"]}}],"collection":[{"href":"https:\/\/glowherbalgenic.com\/index.php?rest_route=\/wp\/v2\/product"}],"about":[{"href":"https:\/\/glowherbalgenic.com\/index.php?rest_route=\/wp\/v2\/types\/product"}],"replies":[{"embeddable":true,"href":"https:\/\/glowherbalgenic.com\/index.php?rest_route=%2Fwp%2Fv2%2Fcomments&post=2115"}],"wp:featuredmedia":[{"embeddable":true,"href":"https:\/\/glowherbalgenic.com\/index.php?rest_route=\/wp\/v2\/media\/1822"}],"wp:attachment":[{"href":"https:\/\/glowherbalgenic.com\/index.php?rest_route=%2Fwp%2Fv2%2Fmedia&parent=2115"}],"curies":[{"name":"wp","href":"https:\/\/api.w.org\/{rel}","templated":true}]}}