{"id":2116,"date":"2020-08-10T08:15:41","date_gmt":"2020-08-10T08:15:41","guid":{"rendered":"https:\/\/glowherbalgenic.com\/?post_type=product&#038;p=2116"},"modified":"2020-08-10T08:15:42","modified_gmt":"2020-08-10T08:15:42","slug":"todo-el-dia-brillante-dia-y-noche","status":"publish","type":"product","link":"https:\/\/glowherbalgenic.com\/?product=todo-el-dia-brillante-dia-y-noche&lang=es","title":{"rendered":"Todo el D\u00eda, Brillante D\u00eda y Noche"},"content":{"rendered":"<p>D\u00eda y Noche astringe los poros y fortalece el tejido subcut\u00e1neo para mejorar la elasticidad natural de la piel. Su f\u00f3rmula especial puede retener la humedad mientras regula la grasa y sebo para proteger la piel. Sus efectos antioxidantes funcionan a nivel molecular para prevenir y controlar toxinas ambientales para revertir el proceso de envejecimiento de la piel para conseguir una piel firme y fina.<\/p>\n<p>Ingredientes principales:<\/p>\n<p><em>Angelicae Sinensis, Ra\u00edz:<\/em> Ayuda a reducir los efectos da\u00f1inos de la luz ultravioleta.<\/p>\n<p><em>Ginseng, Ra\u00edz<\/em>: Altas propiedades antioxidantes para iluminar, aumentar la renovaci\u00f3n celular y luchar contra los cambios fisiol\u00f3gicos y qu\u00edmicos relacionados con el envejecimiento.<\/p>\n","protected":false},"excerpt":{"rendered":"<p>D\u00eda y Noche astringe los poros y fortalece el tejido subcut\u00e1neo para mejorar la elasticidad natural de la piel. Su f\u00f3rmula especial puede retener la humedad mientras regula la grasa y sebo para proteger la piel. Sus efectos antioxidantes funcionan<\/p>\n","protected":false},"featured_media":1823,"comment_status":"open","ping_status":"closed","template":"","meta":{"spay_email":""},"class_list":{"0":"post-2116","1":"product","2":"type-product","3":"status-publish","4":"has-post-thumbnail","6":"product_cat-piel","7":"product_cat-serie-arrugada","9":"first","10":"instock","11":"taxable","12":"shipping-taxable","13":"purchasable","14":"product-type-simple"},"_links":{"self":[{"href":"https:\/\/glowherbalgenic.com\/index.php?rest_route=\/wp\/v2\/product\/2116","targetHints":{"allow":["GET"]}}],"collection":[{"href":"https:\/\/glowherbalgenic.com\/index.php?rest_route=\/wp\/v2\/product"}],"about":[{"href":"https:\/\/glowherbalgenic.com\/index.php?rest_route=\/wp\/v2\/types\/product"}],"replies":[{"embeddable":true,"href":"https:\/\/glowherbalgenic.com\/index.php?rest_route=%2Fwp%2Fv2%2Fcomments&post=2116"}],"wp:featuredmedia":[{"embeddable":true,"href":"https:\/\/glowherbalgenic.com\/index.php?rest_route=\/wp\/v2\/media\/1823"}],"wp:attachment":[{"href":"https:\/\/glowherbalgenic.com\/index.php?rest_route=%2Fwp%2Fv2%2Fmedia&parent=2116"}],"curies":[{"name":"wp","href":"https:\/\/api.w.org\/{rel}","templated":true}]}}