{"id":2118,"date":"2020-08-10T08:17:33","date_gmt":"2020-08-10T08:17:33","guid":{"rendered":"https:\/\/glowherbalgenic.com\/?post_type=product&#038;p=2118"},"modified":"2020-08-10T08:17:33","modified_gmt":"2020-08-10T08:17:33","slug":"todo-el-dia-brillante-vitalidad-abundante","status":"publish","type":"product","link":"https:\/\/glowherbalgenic.com\/?product=todo-el-dia-brillante-vitalidad-abundante&lang=es","title":{"rendered":"Todo el D\u00eda Brillante &#8211; Vitalidad Abundante"},"content":{"rendered":"<p>Especialmente formulado para piel seca para lograr piel firme, suave y refinada, Vitalidad Abundante fortalece el tejido subcut\u00e1neo, aprieta los poros y fortalece la elasticidad natural de la piel. Nutre la piel, revierte los signos del envejecimiento, reduce la hinchaz\u00f3n y suaviza la textura \u00e1spera causada por sequedad en la piel.<\/p>\n<p>Ingredientes principales:<\/p>\n<p><em>Polygonati Odorati, Rizoma: <\/em>Anti-envejecimiento, elimina las manchas de la edad e hidrata la piel.<\/p>\n<p><em>Angelicae Sinensis, Ra\u00edz: <\/em>Reduce los efectos da\u00f1inos de la luz ultravioleta.<\/p>\n<p><em>Ginseng, Ra\u00edz:<\/em> Altas propiedades antioxidantes para iluminar, aumentar la renovaci\u00f3n celular y luchar contra los cambios fisiol\u00f3gicos y qu\u00edmicos relacionados con el envejecimiento.<\/p>\n","protected":false},"excerpt":{"rendered":"<p>Especialmente formulado para piel seca para lograr piel firme, suave y refinada, Vitalidad Abundante fortalece el tejido subcut\u00e1neo, aprieta los poros y fortalece la elasticidad natural de la piel. Nutre la piel, revierte los signos del envejecimiento, reduce la hinchaz\u00f3n<\/p>\n","protected":false},"featured_media":1824,"comment_status":"open","ping_status":"closed","template":"","meta":{"spay_email":""},"class_list":{"0":"post-2118","1":"product","2":"type-product","3":"status-publish","4":"has-post-thumbnail","6":"product_cat-piel","7":"product_cat-serie-arrugada","9":"first","10":"instock","11":"featured","12":"taxable","13":"shipping-taxable","14":"purchasable","15":"product-type-simple"},"_links":{"self":[{"href":"https:\/\/glowherbalgenic.com\/index.php?rest_route=\/wp\/v2\/product\/2118","targetHints":{"allow":["GET"]}}],"collection":[{"href":"https:\/\/glowherbalgenic.com\/index.php?rest_route=\/wp\/v2\/product"}],"about":[{"href":"https:\/\/glowherbalgenic.com\/index.php?rest_route=\/wp\/v2\/types\/product"}],"replies":[{"embeddable":true,"href":"https:\/\/glowherbalgenic.com\/index.php?rest_route=%2Fwp%2Fv2%2Fcomments&post=2118"}],"wp:featuredmedia":[{"embeddable":true,"href":"https:\/\/glowherbalgenic.com\/index.php?rest_route=\/wp\/v2\/media\/1824"}],"wp:attachment":[{"href":"https:\/\/glowherbalgenic.com\/index.php?rest_route=%2Fwp%2Fv2%2Fmedia&parent=2118"}],"curies":[{"name":"wp","href":"https:\/\/api.w.org\/{rel}","templated":true}]}}