{"id":2119,"date":"2020-08-10T08:18:20","date_gmt":"2020-08-10T08:18:20","guid":{"rendered":"https:\/\/glowherbalgenic.com\/?post_type=product&#038;p=2119"},"modified":"2020-08-10T08:18:20","modified_gmt":"2020-08-10T08:18:20","slug":"comodidad-todo-el-dia","status":"publish","type":"product","link":"https:\/\/glowherbalgenic.com\/?product=comodidad-todo-el-dia&lang=es","title":{"rendered":"Comodidad Todo el D\u00eda"},"content":{"rendered":"<p>Comodidad Todo el Dia revitaliza e hidrata para la m\u00e1xima protecci\u00f3n de la piel. Los suaves extractos herbales chinos promueven la funci\u00f3n celular de la piel, mejoran la circulaci\u00f3n sangu\u00ednea y el metabolismo para retener la humedad natural, manteniendo as\u00ed una vitalidad de 24 horas para su piel.<\/p>\n<p>Ingredientes principales:<\/p>\n<p><em>Ginseng, Ra\u00edz:<\/em> Mejora la inmunidad y regula los cambios fisiol\u00f3gicos y qu\u00edmicos relacionados con el envejecimiento para lograr un fuerte efecto de anti-envejecimiento.<\/p>\n<p><em>Angelicae Dahuricae, Ra\u00edz<\/em>: Elimina varias decoloraciones y manchas y reduce la susceptibilidad de la piel hacia la luz ultravioleta.<\/p>\n<p><em>Coicis Lachryma-jobi, Semilla<\/em>: Reduce la hinchaz\u00f3n, astringe los poros y controla la producci\u00f3n de grasa.<\/p>\n","protected":false},"excerpt":{"rendered":"<p>Comodidad Todo el Dia revitaliza e hidrata para la m\u00e1xima protecci\u00f3n de la piel. Los suaves extractos herbales chinos promueven la funci\u00f3n celular de la piel, mejoran la circulaci\u00f3n sangu\u00ednea y el metabolismo para retener la humedad natural, manteniendo as\u00ed<\/p>\n","protected":false},"featured_media":1825,"comment_status":"open","ping_status":"closed","template":"","meta":{"spay_email":""},"class_list":{"0":"post-2119","1":"product","2":"type-product","3":"status-publish","4":"has-post-thumbnail","6":"product_cat-piel","7":"product_cat-serie-arrugada","9":"first","10":"instock","11":"featured","12":"taxable","13":"shipping-taxable","14":"purchasable","15":"product-type-simple"},"_links":{"self":[{"href":"https:\/\/glowherbalgenic.com\/index.php?rest_route=\/wp\/v2\/product\/2119","targetHints":{"allow":["GET"]}}],"collection":[{"href":"https:\/\/glowherbalgenic.com\/index.php?rest_route=\/wp\/v2\/product"}],"about":[{"href":"https:\/\/glowherbalgenic.com\/index.php?rest_route=\/wp\/v2\/types\/product"}],"replies":[{"embeddable":true,"href":"https:\/\/glowherbalgenic.com\/index.php?rest_route=%2Fwp%2Fv2%2Fcomments&post=2119"}],"wp:featuredmedia":[{"embeddable":true,"href":"https:\/\/glowherbalgenic.com\/index.php?rest_route=\/wp\/v2\/media\/1825"}],"wp:attachment":[{"href":"https:\/\/glowherbalgenic.com\/index.php?rest_route=%2Fwp%2Fv2%2Fmedia&parent=2119"}],"curies":[{"name":"wp","href":"https:\/\/api.w.org\/{rel}","templated":true}]}}