{"id":2120,"date":"2020-08-10T08:19:05","date_gmt":"2020-08-10T08:19:05","guid":{"rendered":"https:\/\/glowherbalgenic.com\/?post_type=product&#038;p=2120"},"modified":"2020-08-10T08:19:05","modified_gmt":"2020-08-10T08:19:05","slug":"locion-tonificante-de-todo-el-dia","status":"publish","type":"product","link":"https:\/\/glowherbalgenic.com\/?product=locion-tonificante-de-todo-el-dia&lang=es","title":{"rendered":"Loci\u00f3n Tonificante de Todo el D\u00eda"},"content":{"rendered":"<p>Un t\u00f3nico para ayudar a la piel a absorber nutrientes esenciales, preparar los poros y a equilibrar la elasticidad de la piel. Un producto esencial despu\u00e9s de limpieza facial.<\/p>\n<p>Ingredientes principales:<\/p>\n<p><em>Chrysanthemi Morifolli, Flor:<\/em> Reduce la inflamaci\u00f3n e ilumina la piel.<\/p>\n<p><em>Angelicae Dahuricae, Ra\u00edz:<\/em> Ayuda a disolver y controlar la producci\u00f3n de grasa y mejora las funciones inmunes de las c\u00e9lulas en la piel y el tejido d\u00e9rmico.<\/p>\n<p><em>Angelicae Sinensis, Ra\u00edz:<\/em> Reduce los efectos da\u00f1inos de la luz ultravioleta.<\/p>\n","protected":false},"excerpt":{"rendered":"<p>Un t\u00f3nico para ayudar a la piel a absorber nutrientes esenciales, preparar los poros y a equilibrar la elasticidad de la piel. Un producto esencial despu\u00e9s de limpieza facial. Ingredientes principales: Chrysanthemi Morifolli, Flor: Reduce la inflamaci\u00f3n e ilumina la<\/p>\n","protected":false},"featured_media":1826,"comment_status":"open","ping_status":"closed","template":"","meta":{"spay_email":""},"class_list":{"0":"post-2120","1":"product","2":"type-product","3":"status-publish","4":"has-post-thumbnail","6":"product_cat-piel","7":"product_cat-serie-arrugada","9":"first","10":"instock","11":"taxable","12":"shipping-taxable","13":"purchasable","14":"product-type-simple"},"_links":{"self":[{"href":"https:\/\/glowherbalgenic.com\/index.php?rest_route=\/wp\/v2\/product\/2120","targetHints":{"allow":["GET"]}}],"collection":[{"href":"https:\/\/glowherbalgenic.com\/index.php?rest_route=\/wp\/v2\/product"}],"about":[{"href":"https:\/\/glowherbalgenic.com\/index.php?rest_route=\/wp\/v2\/types\/product"}],"replies":[{"embeddable":true,"href":"https:\/\/glowherbalgenic.com\/index.php?rest_route=%2Fwp%2Fv2%2Fcomments&post=2120"}],"wp:featuredmedia":[{"embeddable":true,"href":"https:\/\/glowherbalgenic.com\/index.php?rest_route=\/wp\/v2\/media\/1826"}],"wp:attachment":[{"href":"https:\/\/glowherbalgenic.com\/index.php?rest_route=%2Fwp%2Fv2%2Fmedia&parent=2120"}],"curies":[{"name":"wp","href":"https:\/\/api.w.org\/{rel}","templated":true}]}}